{"id":1804,"date":"2025-10-17T15:01:40","date_gmt":"2025-10-17T15:01:40","guid":{"rendered":"https:\/\/silver-cheetah-619315.hostingersite.com\/?page_id=1804"},"modified":"2025-12-22T23:20:58","modified_gmt":"2025-12-22T23:20:58","slug":"construction-management","status":"publish","type":"page","link":"https:\/\/faktor.uy\/es_es\/construction-management\/","title":{"rendered":"Construction Management"},"content":{"rendered":"\t\t<div data-elementor-type=\"wp-page\" data-elementor-id=\"1804\" class=\"elementor elementor-1804\" data-elementor-post-type=\"page\">\n\t\t\t\t<div class=\"elementor-element elementor-element-0aec1ee elementor-hidden-tablet elementor-hidden-mobile e-flex e-con-boxed e-con e-parent\" data-id=\"0aec1ee\" data-element_type=\"container\" data-e-type=\"container\">\n\t\t\t\t\t<div class=\"e-con-inner\">\n\t\t<div class=\"elementor-element elementor-element-e085cf6 e-con-full e-flex e-con e-child\" data-id=\"e085cf6\" data-element_type=\"container\" data-e-type=\"container\" data-settings=\"{&quot;background_background&quot;:&quot;classic&quot;}\">\n\t\t\t\t<div class=\"elementor-element elementor-element-cd03add elementor-widget elementor-widget-heading\" data-id=\"cd03add\" data-element_type=\"widget\" data-e-type=\"widget\" data-widget_type=\"heading.default\">\n\t\t\t\t<div class=\"elementor-widget-container\">\n\t\t\t\t\t<h1 class=\"elementor-heading-title elementor-size-default\">Tu socio en la gesti\u00f3n integral<\/h1>\t\t\t\t<\/div>\n\t\t\t\t<\/div>\n\t\t\t\t<\/div>\n\t\t\t\t\t<\/div>\n\t\t\t\t<\/div>\n\t\t<div class=\"elementor-element elementor-element-0dda7ac elementor-hidden-desktop e-flex e-con-boxed e-con e-parent\" data-id=\"0dda7ac\" data-element_type=\"container\" data-e-type=\"container\">\n\t\t\t\t\t<div class=\"e-con-inner\">\n\t\t<div class=\"elementor-element elementor-element-3dbd25b e-con-full e-flex e-con e-child\" data-id=\"3dbd25b\" data-element_type=\"container\" data-e-type=\"container\" data-settings=\"{&quot;background_background&quot;:&quot;classic&quot;}\">\n\t\t\t\t<div class=\"elementor-element elementor-element-8e3b037 elementor-widget elementor-widget-heading\" data-id=\"8e3b037\" data-element_type=\"widget\" data-e-type=\"widget\" data-widget_type=\"heading.default\">\n\t\t\t\t<div class=\"elementor-widget-container\">\n\t\t\t\t\t<h1 class=\"elementor-heading-title elementor-size-default\">Tu socio en la<br> gesti\u00f3n integral<\/h1>\t\t\t\t<\/div>\n\t\t\t\t<\/div>\n\t\t\t\t<\/div>\n\t\t\t\t\t<\/div>\n\t\t\t\t<\/div>\n\t\t<div class=\"elementor-element elementor-element-e107c22 e-flex e-con-boxed e-con e-parent\" data-id=\"e107c22\" data-element_type=\"container\" data-e-type=\"container\">\n\t\t\t\t\t<div class=\"e-con-inner\">\n\t\t\t\t<div class=\"elementor-element elementor-element-5913cb4 elementor-widget elementor-widget-heading\" data-id=\"5913cb4\" data-element_type=\"widget\" data-e-type=\"widget\" data-widget_type=\"heading.default\">\n\t\t\t\t<div class=\"elementor-widget-container\">\n\t\t\t\t\t<h2 class=\"elementor-heading-title elementor-size-default\">Construction Management<\/h2>\t\t\t\t<\/div>\n\t\t\t\t<\/div>\n\t\t\t\t\t<\/div>\n\t\t\t\t<\/div>\n\t\t<div class=\"elementor-element elementor-element-5ce7b3c e-flex e-con-boxed e-con e-parent\" data-id=\"5ce7b3c\" data-element_type=\"container\" data-e-type=\"container\">\n\t\t\t\t\t<div class=\"e-con-inner\">\n\t\t\t\t<div class=\"elementor-element elementor-element-b158d58 elementor-widget elementor-widget-text-editor\" data-id=\"b158d58\" data-element_type=\"widget\" data-e-type=\"widget\" data-widget_type=\"text-editor.default\">\n\t\t\t\t<div class=\"elementor-widget-container\">\n\t\t\t\t\t\t\t\t\t<p>Ofrecemos un servicio integral para proyectos de construcci\u00f3n, participando desde las etapas iniciales de planificaci\u00f3n, estimaci\u00f3n de inversiones, asesoramos en el dise\u00f1o para minimizar problemas futuros, elaboramos planes de trabajo, cronogramas y especificaciones t\u00e9cnicas y administrativas. Supervisamos las distintas etapas de la construcci\u00f3n y el proceso de cierre de contratos de obra.<\/p><p><strong>Act\u00faamos como un enlace entre el propietario, los contratistas y otros actores del proyecto.<\/strong><\/p>\t\t\t\t\t\t\t\t<\/div>\n\t\t\t\t<\/div>\n\t\t\t\t\t<\/div>\n\t\t\t\t<\/div>\n\t\t<div class=\"elementor-element elementor-element-df25904 e-flex e-con-boxed e-con e-parent\" data-id=\"df25904\" data-element_type=\"container\" data-e-type=\"container\">\n\t\t\t\t\t<div class=\"e-con-inner\">\n\t\t\t\t<div class=\"elementor-element elementor-element-0a63a67 elementor-widget elementor-widget-heading\" data-id=\"0a63a67\" data-element_type=\"widget\" data-e-type=\"widget\" data-widget_type=\"heading.default\">\n\t\t\t\t<div class=\"elementor-widget-container\">\n\t\t\t\t\t<h2 class=\"elementor-heading-title elementor-size-default\">Beneficios<\/h2>\t\t\t\t<\/div>\n\t\t\t\t<\/div>\n\t\t\t\t<div class=\"elementor-element elementor-element-0fef008 elementor-widget elementor-widget-text-editor\" data-id=\"0fef008\" data-element_type=\"widget\" data-e-type=\"widget\" data-widget_type=\"text-editor.default\">\n\t\t\t\t<div class=\"elementor-widget-container\">\n\t\t\t\t\t\t\t\t\t<ul><li><strong>Independencia:<\/strong> Contar con una visi\u00f3n cr\u00edtica y experta.<\/li><li><strong>Asesoramiento calificado:<\/strong> A cargo de profesionales con expertise en dise\u00f1o y construcci\u00f3n.<\/li><li><strong>Control del progreso:<\/strong> Revisi\u00f3n sistem\u00e1tica de la planificaci\u00f3n que permita alcanzar objetivos.<\/li><li><strong>Fast track:<\/strong> Flexibilidad y agilidad en la subcontrataci\u00f3n de sectores de obra.<\/li><li><strong>Eficacia en la comunicaci\u00f3n:<\/strong> Reducci\u00f3n en los retrasos y errores.<\/li><li><span style=\"font-weight: 400;\"><strong>Supervisi\u00f3n de los contratos:<\/strong> Decisiones r\u00e1pidas y efectivas.<\/span><\/li><\/ul>\t\t\t\t\t\t\t\t<\/div>\n\t\t\t\t<\/div>\n\t\t\t\t\t<\/div>\n\t\t\t\t<\/div>\n\t\t\t\t<\/div>\n\t\t","protected":false},"excerpt":{"rendered":"<p>Tu socio en la gesti\u00f3n integral Tu socio en la gesti\u00f3n integral Construction Management Ofrecemos un servicio integral para proyectos de construcci\u00f3n, participando desde las etapas iniciales de planificaci\u00f3n, estimaci\u00f3n de inversiones, asesoramos en el dise\u00f1o para minimizar problemas futuros, elaboramos planes de trabajo, cronogramas y especificaciones t\u00e9cnicas y administrativas. Supervisamos las distintas etapas de [&hellip;]<\/p>\n","protected":false},"author":1,"featured_media":0,"parent":0,"menu_order":0,"comment_status":"closed","ping_status":"closed","template":"","meta":{"site-sidebar-layout":"no-sidebar","site-content-layout":"page-builder","ast-site-content-layout":"default","site-content-style":"default","site-sidebar-style":"default","ast-global-header-display":"","ast-banner-title-visibility":"","ast-main-header-display":"","ast-hfb-above-header-display":"","ast-hfb-below-header-display":"","ast-hfb-mobile-header-display":"","site-post-title":"disabled","ast-breadcrumbs-content":"","ast-featured-img":"disabled","footer-sml-layout":"","ast-disable-related-posts":"","theme-transparent-header-meta":"enabled","adv-header-id-meta":"","stick-header-meta":"","header-above-stick-meta":"","header-main-stick-meta":"","header-below-stick-meta":"","astra-migrate-meta-layouts":"default","ast-page-background-enabled":"default","ast-page-background-meta":{"desktop":{"background-color":"","background-image":"","background-repeat":"repeat","background-position":"center center","background-size":"auto","background-attachment":"scroll","background-type":"","background-media":"","overlay-type":"","overlay-color":"","overlay-opacity":"","overlay-gradient":""},"tablet":{"background-color":"","background-image":"","background-repeat":"repeat","background-position":"center center","background-size":"auto","background-attachment":"scroll","background-type":"","background-media":"","overlay-type":"","overlay-color":"","overlay-opacity":"","overlay-gradient":""},"mobile":{"background-color":"","background-image":"","background-repeat":"repeat","background-position":"center center","background-size":"auto","background-attachment":"scroll","background-type":"","background-media":"","overlay-type":"","overlay-color":"","overlay-opacity":"","overlay-gradient":""}},"ast-content-background-meta":{"desktop":{"background-color":"var(--ast-global-color-5)","background-image":"","background-repeat":"repeat","background-position":"center center","background-size":"auto","background-attachment":"scroll","background-type":"","background-media":"","overlay-type":"","overlay-color":"","overlay-opacity":"","overlay-gradient":""},"tablet":{"background-color":"var(--ast-global-color-5)","background-image":"","background-repeat":"repeat","background-position":"center center","background-size":"auto","background-attachment":"scroll","background-type":"","background-media":"","overlay-type":"","overlay-color":"","overlay-opacity":"","overlay-gradient":""},"mobile":{"background-color":"var(--ast-global-color-5)","background-image":"","background-repeat":"repeat","background-position":"center center","background-size":"auto","background-attachment":"scroll","background-type":"","background-media":"","overlay-type":"","overlay-color":"","overlay-opacity":"","overlay-gradient":""}},"footnotes":""},"class_list":["post-1804","page","type-page","status-publish","hentry"],"_links":{"self":[{"href":"https:\/\/faktor.uy\/es_es\/wp-json\/wp\/v2\/pages\/1804","targetHints":{"allow":["GET"]}}],"collection":[{"href":"https:\/\/faktor.uy\/es_es\/wp-json\/wp\/v2\/pages"}],"about":[{"href":"https:\/\/faktor.uy\/es_es\/wp-json\/wp\/v2\/types\/page"}],"author":[{"embeddable":true,"href":"https:\/\/faktor.uy\/es_es\/wp-json\/wp\/v2\/users\/1"}],"replies":[{"embeddable":true,"href":"https:\/\/faktor.uy\/es_es\/wp-json\/wp\/v2\/comments?post=1804"}],"version-history":[{"count":140,"href":"https:\/\/faktor.uy\/es_es\/wp-json\/wp\/v2\/pages\/1804\/revisions"}],"predecessor-version":[{"id":4772,"href":"https:\/\/faktor.uy\/es_es\/wp-json\/wp\/v2\/pages\/1804\/revisions\/4772"}],"wp:attachment":[{"href":"https:\/\/faktor.uy\/es_es\/wp-json\/wp\/v2\/media?parent=1804"}],"curies":[{"name":"wp","href":"https:\/\/api.w.org\/{rel}","templated":true}]}}