{"id":1685,"date":"2025-09-30T22:13:20","date_gmt":"2025-09-30T22:13:20","guid":{"rendered":"https:\/\/silver-cheetah-619315.hostingersite.com\/?page_id=1685"},"modified":"2026-01-13T11:47:18","modified_gmt":"2026-01-13T11:47:18","slug":"nosotros","status":"publish","type":"page","link":"https:\/\/faktor.uy\/es_es\/nosotros\/","title":{"rendered":"Nosotros"},"content":{"rendered":"\t\t<div data-elementor-type=\"wp-page\" data-elementor-id=\"1685\" class=\"elementor elementor-1685\" data-elementor-post-type=\"page\">\n\t\t\t\t<div class=\"elementor-element elementor-element-0aec1ee elementor-hidden-tablet elementor-hidden-mobile e-flex e-con-boxed e-con e-parent\" data-id=\"0aec1ee\" data-element_type=\"container\" data-e-type=\"container\">\n\t\t\t\t\t<div class=\"e-con-inner\">\n\t\t<div class=\"elementor-element elementor-element-e085cf6 e-con-full e-flex e-con e-child\" data-id=\"e085cf6\" data-element_type=\"container\" data-e-type=\"container\" data-settings=\"{&quot;background_background&quot;:&quot;classic&quot;}\">\n\t\t\t\t<div class=\"elementor-element elementor-element-cd03add elementor-widget elementor-widget-heading\" data-id=\"cd03add\" data-element_type=\"widget\" data-e-type=\"widget\" data-widget_type=\"heading.default\">\n\t\t\t\t<div class=\"elementor-widget-container\">\n\t\t\t\t\t<h1 class=\"elementor-heading-title elementor-size-default\">Enfoque independiente<\/h1>\t\t\t\t<\/div>\n\t\t\t\t<\/div>\n\t\t\t\t<\/div>\n\t\t\t\t\t<\/div>\n\t\t\t\t<\/div>\n\t\t<div class=\"elementor-element elementor-element-d8a0951 elementor-hidden-desktop e-flex e-con-boxed e-con e-parent\" data-id=\"d8a0951\" data-element_type=\"container\" data-e-type=\"container\">\n\t\t\t\t\t<div class=\"e-con-inner\">\n\t\t<div class=\"elementor-element elementor-element-26e5940 e-con-full e-flex e-con e-child\" data-id=\"26e5940\" data-element_type=\"container\" data-e-type=\"container\" data-settings=\"{&quot;background_background&quot;:&quot;classic&quot;}\">\n\t\t\t\t<div class=\"elementor-element elementor-element-c66c8c7 elementor-widget elementor-widget-heading\" data-id=\"c66c8c7\" data-element_type=\"widget\" data-e-type=\"widget\" data-widget_type=\"heading.default\">\n\t\t\t\t<div class=\"elementor-widget-container\">\n\t\t\t\t\t<h1 class=\"elementor-heading-title elementor-size-default\">Enfoque<br> independiente<\/h1>\t\t\t\t<\/div>\n\t\t\t\t<\/div>\n\t\t\t\t<\/div>\n\t\t\t\t\t<\/div>\n\t\t\t\t<\/div>\n\t\t<div class=\"elementor-element elementor-element-e107c22 e-flex e-con-boxed e-con e-parent\" data-id=\"e107c22\" data-element_type=\"container\" data-e-type=\"container\">\n\t\t\t\t\t<div class=\"e-con-inner\">\n\t\t\t\t<div class=\"elementor-element elementor-element-5913cb4 elementor-widget elementor-widget-heading\" data-id=\"5913cb4\" data-element_type=\"widget\" data-e-type=\"widget\" data-widget_type=\"heading.default\">\n\t\t\t\t<div class=\"elementor-widget-container\">\n\t\t\t\t\t<h2 class=\"elementor-heading-title elementor-size-default\">Nuestra Identidad \/ Qui\u00e9nes Somos <\/h2>\t\t\t\t<\/div>\n\t\t\t\t<\/div>\n\t\t\t\t\t<\/div>\n\t\t\t\t<\/div>\n\t\t<div class=\"elementor-element elementor-element-5ce7b3c e-flex e-con-boxed e-con e-parent\" data-id=\"5ce7b3c\" data-element_type=\"container\" data-e-type=\"container\">\n\t\t\t\t\t<div class=\"e-con-inner\">\n\t\t\t\t<div class=\"elementor-element elementor-element-b158d58 elementor-widget elementor-widget-text-editor\" data-id=\"b158d58\" data-element_type=\"widget\" data-e-type=\"widget\" data-widget_type=\"text-editor.default\">\n\t\t\t\t<div class=\"elementor-widget-container\">\n\t\t\t\t\t\t\t\t\t<p><strong>Misi\u00f3n:<\/strong> \u00abBrindar servicios de Gerenciamiento de Proyectos de Construcci\u00f3n, Auditor\u00eda y Consultor\u00eda a nivel nacional e internacional\u00bb.<\/p><p>Faktor Uruguay es una firma de Ingenier\u00eda y Gerenciamiento fundada en 2013 por socios con m\u00e1s de 30 a\u00f1os de experiencia en proyectos de diversa escala y complejidad.<\/p><p>Nacimos del cruce de miradas complementarias que integran estrategia, an\u00e1lisis y gesti\u00f3n. Esa complejidad nos permite anticipar desaf\u00edos, ordenar procesos y acompa\u00f1ar a nuestros clientes con soluciones eficientes.<\/p><p>Contamos con la capacidad de conformar equipos profesionales a medida, seleccionados seg\u00fan las necesidades espec\u00edficas de cada proyecto. Trabajamos cerca de nuestros clientes, entendiendo sus objetivos y construyendo relaciones basadas en la confianza y en la \u00e9tica.<\/p><p><strong>Valores:<\/strong>\u00a0<\/p><ul><li style=\"list-style-type: none;\"><ul><li>Transparencia y empat\u00eda: Lo practicamos en cada etapa del proyecto.<\/li><li>Compromiso: Nos involucramos con pasi\u00f3n.<\/li><li>Cercan\u00eda: Seguimiento directo de los socios fundadores.<\/li><li>Eficiencia. Optimizamos tiempo y recursos sin comprometer la calidad.<\/li><li>Innovaci\u00f3n: Mejoramos constantemente el conocimiento y procesos de dise\u00f1o y construcci\u00f3n.<\/li><li>Relaciones de largo plazo con los clientes, basadas en confianza y desempe\u00f1o sostenido.<\/li><\/ul><\/li><\/ul>\t\t\t\t\t\t\t\t<\/div>\n\t\t\t\t<\/div>\n\t\t\t\t\t<\/div>\n\t\t\t\t<\/div>\n\t\t<div class=\"elementor-element elementor-element-870ca6b elementor-hidden-tablet elementor-hidden-mobile e-flex e-con-boxed e-con e-parent\" data-id=\"870ca6b\" data-element_type=\"container\" data-e-type=\"container\">\n\t\t\t\t\t<div class=\"e-con-inner\">\n\t\t<div class=\"elementor-element elementor-element-b69b9fc e-con-full e-flex e-con e-child\" data-id=\"b69b9fc\" data-element_type=\"container\" data-e-type=\"container\" data-settings=\"{&quot;background_background&quot;:&quot;classic&quot;}\">\n\t\t\t\t<div class=\"elementor-element elementor-element-7acc914 elementor-widget elementor-widget-text-editor\" data-id=\"7acc914\" data-element_type=\"widget\" data-e-type=\"widget\" data-widget_type=\"text-editor.default\">\n\t\t\t\t<div class=\"elementor-widget-container\">\n\t\t\t\t\t\t\t\t\t<p><strong>Qu\u00e9 nos diferencia:<\/strong><\/p><ul><li style=\"list-style-type: none;\"><ul><li><strong>\u00c9tica:<\/strong> Integridad, transparencia y la confianza del cliente como mayor activo.<\/li><li><strong>Experiencia:<\/strong><span style=\"font-weight: 400;\"> M\u00e1s de 30 a\u00f1os de conocimiento en \u00e1reas como Energ\u00eda, Infraestructura, Industria y Arquitectura. <\/span><\/li><li><strong>Dominio:<\/strong> Conocimiento profundo de procesos de dise\u00f1o, manejo de contratos y riesgos (costos, plazos, calidad y seguridad).<\/li><li><strong>Flexibilidad:<\/strong> Adaptaci\u00f3n a distintos tipos de clientes y culturas empresariales (nacionales, extranjeros, p\u00fablicos, bancos, multinacionales).<\/li><li><strong>Servicio personalizado:<\/strong> Socios directores directamente involucrados en cada proyecto para satisfacer las necesidades del cliente.<\/li><\/ul><\/li><\/ul>\t\t\t\t\t\t\t\t<\/div>\n\t\t\t\t<\/div>\n\t\t\t\t<\/div>\n\t\t\t\t\t<\/div>\n\t\t\t\t<\/div>\n\t\t<div class=\"elementor-element elementor-element-1a34d37 elementor-hidden-desktop e-flex e-con-boxed e-con e-parent\" data-id=\"1a34d37\" data-element_type=\"container\" data-e-type=\"container\">\n\t\t\t\t\t<div class=\"e-con-inner\">\n\t\t<div class=\"elementor-element elementor-element-50a407d e-con-full e-flex e-con e-child\" data-id=\"50a407d\" data-element_type=\"container\" data-e-type=\"container\" data-settings=\"{&quot;background_background&quot;:&quot;classic&quot;}\">\n\t\t\t\t<div class=\"elementor-element elementor-element-289c36c elementor-widget elementor-widget-text-editor\" data-id=\"289c36c\" data-element_type=\"widget\" data-e-type=\"widget\" data-widget_type=\"text-editor.default\">\n\t\t\t\t<div class=\"elementor-widget-container\">\n\t\t\t\t\t\t\t\t\t<p><strong>Qu\u00e9 nos diferencia:<\/strong><\/p><ul><li style=\"list-style-type: none;\"><ul><li><strong>\u00c9tica:<\/strong> Integridad, transparencia y la confianza del cliente como mayor activo.<\/li><li><strong>Experiencia:<\/strong><span style=\"font-weight: 400;\"> M\u00e1s de 30 a\u00f1os de conocimiento en nuestras \u00e1reas de trabajo.<\/span><\/li><li><strong>Dominio:<\/strong> Conocimiento profundo de procesos de dise\u00f1o, manejo de contratos y riesgos.<\/li><li><strong>Flexibilidad:<\/strong> Adaptaci\u00f3n a distintos tipos de clientes y culturas empresariales .<\/li><li><strong>Servicio personalizado:<\/strong> Socios directores\u00a0 involucrados en cada proyecto.<\/li><\/ul><\/li><\/ul>\t\t\t\t\t\t\t\t<\/div>\n\t\t\t\t<\/div>\n\t\t\t\t<\/div>\n\t\t\t\t\t<\/div>\n\t\t\t\t<\/div>\n\t\t\t\t<\/div>\n\t\t","protected":false},"excerpt":{"rendered":"<p>Enfoque independiente Enfoque independiente Nuestra Identidad \/ Qui\u00e9nes Somos Misi\u00f3n: \u00abBrindar servicios de Gerenciamiento de Proyectos de Construcci\u00f3n, Auditor\u00eda y Consultor\u00eda a nivel nacional e internacional\u00bb. Faktor Uruguay es una firma de Ingenier\u00eda y Gerenciamiento fundada en 2013 por socios con m\u00e1s de 30 a\u00f1os de experiencia en proyectos de diversa escala y complejidad. Nacimos [&hellip;]<\/p>\n","protected":false},"author":1,"featured_media":0,"parent":0,"menu_order":0,"comment_status":"closed","ping_status":"closed","template":"","meta":{"site-sidebar-layout":"no-sidebar","site-content-layout":"page-builder","ast-site-content-layout":"default","site-content-style":"default","site-sidebar-style":"default","ast-global-header-display":"","ast-banner-title-visibility":"","ast-main-header-display":"","ast-hfb-above-header-display":"","ast-hfb-below-header-display":"","ast-hfb-mobile-header-display":"","site-post-title":"disabled","ast-breadcrumbs-content":"","ast-featured-img":"disabled","footer-sml-layout":"","ast-disable-related-posts":"","theme-transparent-header-meta":"enabled","adv-header-id-meta":"","stick-header-meta":"","header-above-stick-meta":"","header-main-stick-meta":"","header-below-stick-meta":"","astra-migrate-meta-layouts":"default","ast-page-background-enabled":"default","ast-page-background-meta":{"desktop":{"background-color":"","background-image":"","background-repeat":"repeat","background-position":"center center","background-size":"auto","background-attachment":"scroll","background-type":"","background-media":"","overlay-type":"","overlay-color":"","overlay-opacity":"","overlay-gradient":""},"tablet":{"background-color":"","background-image":"","background-repeat":"repeat","background-position":"center center","background-size":"auto","background-attachment":"scroll","background-type":"","background-media":"","overlay-type":"","overlay-color":"","overlay-opacity":"","overlay-gradient":""},"mobile":{"background-color":"","background-image":"","background-repeat":"repeat","background-position":"center center","background-size":"auto","background-attachment":"scroll","background-type":"","background-media":"","overlay-type":"","overlay-color":"","overlay-opacity":"","overlay-gradient":""}},"ast-content-background-meta":{"desktop":{"background-color":"var(--ast-global-color-5)","background-image":"","background-repeat":"repeat","background-position":"center center","background-size":"auto","background-attachment":"scroll","background-type":"","background-media":"","overlay-type":"","overlay-color":"","overlay-opacity":"","overlay-gradient":""},"tablet":{"background-color":"var(--ast-global-color-5)","background-image":"","background-repeat":"repeat","background-position":"center center","background-size":"auto","background-attachment":"scroll","background-type":"","background-media":"","overlay-type":"","overlay-color":"","overlay-opacity":"","overlay-gradient":""},"mobile":{"background-color":"var(--ast-global-color-5)","background-image":"","background-repeat":"repeat","background-position":"center center","background-size":"auto","background-attachment":"scroll","background-type":"","background-media":"","overlay-type":"","overlay-color":"","overlay-opacity":"","overlay-gradient":""}},"footnotes":""},"class_list":["post-1685","page","type-page","status-publish","hentry"],"_links":{"self":[{"href":"https:\/\/faktor.uy\/es_es\/wp-json\/wp\/v2\/pages\/1685","targetHints":{"allow":["GET"]}}],"collection":[{"href":"https:\/\/faktor.uy\/es_es\/wp-json\/wp\/v2\/pages"}],"about":[{"href":"https:\/\/faktor.uy\/es_es\/wp-json\/wp\/v2\/types\/page"}],"author":[{"embeddable":true,"href":"https:\/\/faktor.uy\/es_es\/wp-json\/wp\/v2\/users\/1"}],"replies":[{"embeddable":true,"href":"https:\/\/faktor.uy\/es_es\/wp-json\/wp\/v2\/comments?post=1685"}],"version-history":[{"count":241,"href":"https:\/\/faktor.uy\/es_es\/wp-json\/wp\/v2\/pages\/1685\/revisions"}],"predecessor-version":[{"id":4865,"href":"https:\/\/faktor.uy\/es_es\/wp-json\/wp\/v2\/pages\/1685\/revisions\/4865"}],"wp:attachment":[{"href":"https:\/\/faktor.uy\/es_es\/wp-json\/wp\/v2\/media?parent=1685"}],"curies":[{"name":"wp","href":"https:\/\/api.w.org\/{rel}","templated":true}]}}