{"id":1826,"date":"2025-10-17T15:29:10","date_gmt":"2025-10-17T15:29:10","guid":{"rendered":"https:\/\/silver-cheetah-619315.hostingersite.com\/?page_id=1826"},"modified":"2025-12-22T23:21:58","modified_gmt":"2025-12-22T23:21:58","slug":"auditorias-tecnicas","status":"publish","type":"page","link":"https:\/\/faktor.uy\/en\/auditorias-tecnicas\/","title":{"rendered":"Technical Audits"},"content":{"rendered":"<div data-elementor-type=\"wp-page\" data-elementor-id=\"1826\" class=\"elementor elementor-1826\" data-elementor-post-type=\"page\">\n\t\t\t\t<div class=\"elementor-element elementor-element-0aec1ee elementor-hidden-tablet elementor-hidden-mobile e-flex e-con-boxed e-con e-parent\" data-id=\"0aec1ee\" data-element_type=\"container\" data-e-type=\"container\">\n\t\t\t\t\t<div class=\"e-con-inner\">\n\t\t<div class=\"elementor-element elementor-element-e085cf6 e-con-full e-flex e-con e-child\" data-id=\"e085cf6\" data-element_type=\"container\" data-e-type=\"container\" data-settings=\"{&quot;background_background&quot;:&quot;classic&quot;}\">\n\t\t\t\t<div class=\"elementor-element elementor-element-cd03add elementor-widget elementor-widget-heading\" data-id=\"cd03add\" data-element_type=\"widget\" data-e-type=\"widget\" data-widget_type=\"heading.default\">\n\t\t\t\t<div class=\"elementor-widget-container\">\n\t\t\t\t\t<h1 class=\"elementor-heading-title elementor-size-default\">We protect your investment<\/h1>\t\t\t\t<\/div>\n\t\t\t\t<\/div>\n\t\t\t\t<\/div>\n\t\t\t\t\t<\/div>\n\t\t\t\t<\/div>\n\t\t<div class=\"elementor-element elementor-element-1cb324f elementor-hidden-desktop e-flex e-con-boxed e-con e-parent\" data-id=\"1cb324f\" data-element_type=\"container\" data-e-type=\"container\">\n\t\t\t\t\t<div class=\"e-con-inner\">\n\t\t<div class=\"elementor-element elementor-element-6a7db75 e-con-full e-flex e-con e-child\" data-id=\"6a7db75\" data-element_type=\"container\" data-e-type=\"container\" data-settings=\"{&quot;background_background&quot;:&quot;classic&quot;}\">\n\t\t\t\t<div class=\"elementor-element elementor-element-7e1b161 elementor-widget elementor-widget-heading\" data-id=\"7e1b161\" data-element_type=\"widget\" data-e-type=\"widget\" data-widget_type=\"heading.default\">\n\t\t\t\t<div class=\"elementor-widget-container\">\n\t\t\t\t\t<h1 class=\"elementor-heading-title elementor-size-default\">We protect your investment<\/h1>\t\t\t\t<\/div>\n\t\t\t\t<\/div>\n\t\t\t\t<\/div>\n\t\t\t\t\t<\/div>\n\t\t\t\t<\/div>\n\t\t<div class=\"elementor-element elementor-element-e107c22 e-flex e-con-boxed e-con e-parent\" data-id=\"e107c22\" data-element_type=\"container\" data-e-type=\"container\">\n\t\t\t\t\t<div class=\"e-con-inner\">\n\t\t\t\t<div class=\"elementor-element elementor-element-5913cb4 elementor-widget elementor-widget-heading\" data-id=\"5913cb4\" data-element_type=\"widget\" data-e-type=\"widget\" data-widget_type=\"heading.default\">\n\t\t\t\t<div class=\"elementor-widget-container\">\n\t\t\t\t\t<h2 class=\"elementor-heading-title elementor-size-default\">Technical Audits\n<\/h2>\t\t\t\t<\/div>\n\t\t\t\t<\/div>\n\t\t\t\t\t<\/div>\n\t\t\t\t<\/div>\n\t\t<div class=\"elementor-element elementor-element-5ce7b3c e-flex e-con-boxed e-con e-parent\" data-id=\"5ce7b3c\" data-element_type=\"container\" data-e-type=\"container\">\n\t\t\t\t\t<div class=\"e-con-inner\">\n\t\t\t\t<div class=\"elementor-element elementor-element-b158d58 elementor-widget elementor-widget-text-editor\" data-id=\"b158d58\" data-element_type=\"widget\" data-e-type=\"widget\" data-widget_type=\"text-editor.default\">\n\t\t\t\t<div class=\"elementor-widget-container\">\n\t\t\t\t\t\t\t\t\t<p><span style=\"font-weight: 400;\">We offer inspection services for construction projects by professionals experts.<\/span><\/p><p><span style=\"font-weight: 400;\">We monitor, evaluate and report on the quality of the construction, the progress of physical, economic and financial, with the aim to detect deviations techniques and\/or changes in the contractual terms agreed between the owner of the work and contractor companies.<\/span><\/p>\t\t\t\t\t\t\t\t<\/div>\n\t\t\t\t<\/div>\n\t\t\t\t\t<\/div>\n\t\t\t\t<\/div>\n\t\t<div class=\"elementor-element elementor-element-df25904 e-flex e-con-boxed e-con e-parent\" data-id=\"df25904\" data-element_type=\"container\" data-e-type=\"container\">\n\t\t\t\t\t<div class=\"e-con-inner\">\n\t\t\t\t<div class=\"elementor-element elementor-element-0a63a67 elementor-widget elementor-widget-heading\" data-id=\"0a63a67\" data-element_type=\"widget\" data-e-type=\"widget\" data-widget_type=\"heading.default\">\n\t\t\t\t<div class=\"elementor-widget-container\">\n\t\t\t\t\t<h2 class=\"elementor-heading-title elementor-size-default\">Benefits <\/h2>\t\t\t\t<\/div>\n\t\t\t\t<\/div>\n\t\t\t\t<div class=\"elementor-element elementor-element-0fef008 elementor-widget elementor-widget-text-editor\" data-id=\"0fef008\" data-element_type=\"widget\" data-e-type=\"widget\" data-widget_type=\"text-editor.default\">\n\t\t\t\t<div class=\"elementor-widget-container\">\n\t\t\t\t\t\t\t\t\t<ul><li><strong>Identification of errors and failures:\u00a0<\/strong>We detect technical problems, deficiencies or failures in the processes of works.<\/li><li><strong>Improvement of quality and safety:\u00a0<\/strong>Ensure the technical standards, quality and safety.<\/li><li><strong>Regulatory compliance:\u00a0<\/strong>We verify that it meets the standards, applicable laws and regulations.<\/li><li><strong>Risk reduction:\u00a0<\/strong>Decreases the probability of technical failures, vulnerabilities or bugs that may cause loss or damage.<\/li><li><strong>Making informed decisions:\u00a0<\/strong>We provide accurate information to plan improvements, investments or changes in the technical infrastructure.<\/li><li><strong>Prevention of future problems:\u00a0<\/strong>We detect vulnerabilities that could become long-term problems.<\/li><li><strong>Recognition and trust:\u00a0<\/strong>We increase the credibility with customers, suppliers and certification bodies to demonstrate maintenance and technical control right.<\/li><li><strong>Low-cost:<\/strong> Controls spot on the basis of a service-bounded<\/li><li><strong style=\"font-size: 16px;\">Focus:<\/strong><span style=\"font-size: 16px;\"> Controls for the sector in relation to the risk.<\/span><\/li><\/ul>\t\t\t\t\t\t\t\t<\/div>\n\t\t\t\t<\/div>\n\t\t\t\t\t<\/div>\n\t\t\t\t<\/div>\n\t\t\t\t<\/div>","protected":false},"excerpt":{"rendered":"<p>Protegemos tu inversi\u00f3n Protegemos tu inversi\u00f3n Auditor\u00edas T\u00e9cnicas Ofrecemos servicios de inspecci\u00f3n para proyectos de construcci\u00f3n a cargo de profesionales expertos. Supervisamos, evaluamos e informamos sobre la calidad de la construcci\u00f3n, los avances f\u00edsicos, econ\u00f3micos y financieros con el objetivo de detectar desviaciones t\u00e9cnicas y\/o cambios en los t\u00e9rminos contractuales acordados entre el propietario de [&hellip;]<\/p>\n","protected":false},"author":1,"featured_media":0,"parent":0,"menu_order":0,"comment_status":"closed","ping_status":"closed","template":"","meta":{"site-sidebar-layout":"no-sidebar","site-content-layout":"page-builder","ast-site-content-layout":"default","site-content-style":"default","site-sidebar-style":"default","ast-global-header-display":"","ast-banner-title-visibility":"","ast-main-header-display":"","ast-hfb-above-header-display":"","ast-hfb-below-header-display":"","ast-hfb-mobile-header-display":"","site-post-title":"disabled","ast-breadcrumbs-content":"","ast-featured-img":"disabled","footer-sml-layout":"","ast-disable-related-posts":"","theme-transparent-header-meta":"enabled","adv-header-id-meta":"","stick-header-meta":"","header-above-stick-meta":"","header-main-stick-meta":"","header-below-stick-meta":"","astra-migrate-meta-layouts":"default","ast-page-background-enabled":"default","ast-page-background-meta":{"desktop":{"background-color":"","background-image":"","background-repeat":"repeat","background-position":"center center","background-size":"auto","background-attachment":"scroll","background-type":"","background-media":"","overlay-type":"","overlay-color":"","overlay-opacity":"","overlay-gradient":""},"tablet":{"background-color":"","background-image":"","background-repeat":"repeat","background-position":"center center","background-size":"auto","background-attachment":"scroll","background-type":"","background-media":"","overlay-type":"","overlay-color":"","overlay-opacity":"","overlay-gradient":""},"mobile":{"background-color":"","background-image":"","background-repeat":"repeat","background-position":"center center","background-size":"auto","background-attachment":"scroll","background-type":"","background-media":"","overlay-type":"","overlay-color":"","overlay-opacity":"","overlay-gradient":""}},"ast-content-background-meta":{"desktop":{"background-color":"var(--ast-global-color-5)","background-image":"","background-repeat":"repeat","background-position":"center center","background-size":"auto","background-attachment":"scroll","background-type":"","background-media":"","overlay-type":"","overlay-color":"","overlay-opacity":"","overlay-gradient":""},"tablet":{"background-color":"var(--ast-global-color-5)","background-image":"","background-repeat":"repeat","background-position":"center center","background-size":"auto","background-attachment":"scroll","background-type":"","background-media":"","overlay-type":"","overlay-color":"","overlay-opacity":"","overlay-gradient":""},"mobile":{"background-color":"var(--ast-global-color-5)","background-image":"","background-repeat":"repeat","background-position":"center center","background-size":"auto","background-attachment":"scroll","background-type":"","background-media":"","overlay-type":"","overlay-color":"","overlay-opacity":"","overlay-gradient":""}},"footnotes":""},"class_list":["post-1826","page","type-page","status-publish","hentry"],"_links":{"self":[{"href":"https:\/\/faktor.uy\/en\/wp-json\/wp\/v2\/pages\/1826","targetHints":{"allow":["GET"]}}],"collection":[{"href":"https:\/\/faktor.uy\/en\/wp-json\/wp\/v2\/pages"}],"about":[{"href":"https:\/\/faktor.uy\/en\/wp-json\/wp\/v2\/types\/page"}],"author":[{"embeddable":true,"href":"https:\/\/faktor.uy\/en\/wp-json\/wp\/v2\/users\/1"}],"replies":[{"embeddable":true,"href":"https:\/\/faktor.uy\/en\/wp-json\/wp\/v2\/comments?post=1826"}],"version-history":[{"count":121,"href":"https:\/\/faktor.uy\/en\/wp-json\/wp\/v2\/pages\/1826\/revisions"}],"predecessor-version":[{"id":4778,"href":"https:\/\/faktor.uy\/en\/wp-json\/wp\/v2\/pages\/1826\/revisions\/4778"}],"wp:attachment":[{"href":"https:\/\/faktor.uy\/en\/wp-json\/wp\/v2\/media?parent=1826"}],"curies":[{"name":"wp","href":"https:\/\/api.w.org\/{rel}","templated":true}]}}