{"id":1685,"date":"2025-09-30T22:13:20","date_gmt":"2025-09-30T22:13:20","guid":{"rendered":"https:\/\/silver-cheetah-619315.hostingersite.com\/?page_id=1685"},"modified":"2026-01-13T11:47:18","modified_gmt":"2026-01-13T11:47:18","slug":"nosotros","status":"publish","type":"page","link":"https:\/\/faktor.uy\/en\/nosotros\/","title":{"rendered":"Us"},"content":{"rendered":"<div data-elementor-type=\"wp-page\" data-elementor-id=\"1685\" class=\"elementor elementor-1685\" data-elementor-post-type=\"page\">\n\t\t\t\t<div class=\"elementor-element elementor-element-0aec1ee elementor-hidden-tablet elementor-hidden-mobile e-flex e-con-boxed e-con e-parent\" data-id=\"0aec1ee\" data-element_type=\"container\" data-e-type=\"container\">\n\t\t\t\t\t<div class=\"e-con-inner\">\n\t\t<div class=\"elementor-element elementor-element-e085cf6 e-con-full e-flex e-con e-child\" data-id=\"e085cf6\" data-element_type=\"container\" data-e-type=\"container\" data-settings=\"{&quot;background_background&quot;:&quot;classic&quot;}\">\n\t\t\t\t<div class=\"elementor-element elementor-element-cd03add elementor-widget elementor-widget-heading\" data-id=\"cd03add\" data-element_type=\"widget\" data-e-type=\"widget\" data-widget_type=\"heading.default\">\n\t\t\t\t<div class=\"elementor-widget-container\">\n\t\t\t\t\t<h1 class=\"elementor-heading-title elementor-size-default\">Independent approach<\/h1>\t\t\t\t<\/div>\n\t\t\t\t<\/div>\n\t\t\t\t<\/div>\n\t\t\t\t\t<\/div>\n\t\t\t\t<\/div>\n\t\t<div class=\"elementor-element elementor-element-d8a0951 elementor-hidden-desktop e-flex e-con-boxed e-con e-parent\" data-id=\"d8a0951\" data-element_type=\"container\" data-e-type=\"container\">\n\t\t\t\t\t<div class=\"e-con-inner\">\n\t\t<div class=\"elementor-element elementor-element-26e5940 e-con-full e-flex e-con e-child\" data-id=\"26e5940\" data-element_type=\"container\" data-e-type=\"container\" data-settings=\"{&quot;background_background&quot;:&quot;classic&quot;}\">\n\t\t\t\t<div class=\"elementor-element elementor-element-c66c8c7 elementor-widget elementor-widget-heading\" data-id=\"c66c8c7\" data-element_type=\"widget\" data-e-type=\"widget\" data-widget_type=\"heading.default\">\n\t\t\t\t<div class=\"elementor-widget-container\">\n\t\t\t\t\t<h1 class=\"elementor-heading-title elementor-size-default\">Approach<br> independent<\/h1>\t\t\t\t<\/div>\n\t\t\t\t<\/div>\n\t\t\t\t<\/div>\n\t\t\t\t\t<\/div>\n\t\t\t\t<\/div>\n\t\t<div class=\"elementor-element elementor-element-e107c22 e-flex e-con-boxed e-con e-parent\" data-id=\"e107c22\" data-element_type=\"container\" data-e-type=\"container\">\n\t\t\t\t\t<div class=\"e-con-inner\">\n\t\t\t\t<div class=\"elementor-element elementor-element-5913cb4 elementor-widget elementor-widget-heading\" data-id=\"5913cb4\" data-element_type=\"widget\" data-e-type=\"widget\" data-widget_type=\"heading.default\">\n\t\t\t\t<div class=\"elementor-widget-container\">\n\t\t\t\t\t<h2 class=\"elementor-heading-title elementor-size-default\">Our Identity \/ Who We Are <\/h2>\t\t\t\t<\/div>\n\t\t\t\t<\/div>\n\t\t\t\t\t<\/div>\n\t\t\t\t<\/div>\n\t\t<div class=\"elementor-element elementor-element-5ce7b3c e-flex e-con-boxed e-con e-parent\" data-id=\"5ce7b3c\" data-element_type=\"container\" data-e-type=\"container\">\n\t\t\t\t\t<div class=\"e-con-inner\">\n\t\t\t\t<div class=\"elementor-element elementor-element-b158d58 elementor-widget elementor-widget-text-editor\" data-id=\"b158d58\" data-element_type=\"widget\" data-e-type=\"widget\" data-widget_type=\"text-editor.default\">\n\t\t\t\t<div class=\"elementor-widget-container\">\n\t\t\t\t\t\t\t\t\t<p><strong>Mission:<\/strong> \"Providing services of Management of Construction Projects, Audit and Consultancy to national and international level\".<\/p><p>Faktor Uruguay es una firma de Ingenier\u00eda y Gerenciamiento fundada en 2013 por socios con m\u00e1s de 30 a\u00f1os de experiencia en proyectos de diversa escala y complejidad.<\/p><p>Nacimos del cruce de miradas complementarias que integran estrategia, an\u00e1lisis y gesti\u00f3n. Esa complejidad nos permite anticipar desaf\u00edos, ordenar procesos y acompa\u00f1ar a nuestros clientes con soluciones eficientes.<\/p><p>Contamos con la capacidad de conformar equipos profesionales a medida, seleccionados seg\u00fan las necesidades espec\u00edficas de cada proyecto. Trabajamos cerca de nuestros clientes, entendiendo sus objetivos y construyendo relaciones basadas en la confianza y en la \u00e9tica.<\/p><p><strong>Values:<\/strong>\u00a0<\/p><ul><li style=\"list-style-type: none;\"><ul><li>Transparency and empathy: What we practice at each stage of the project.<\/li><li>Commitment: We engage with passion.<\/li><li>Close: direct Follow-up to the founding partners.<\/li><li>Efficiency. We optimize time and resources without compromising the quality.<\/li><li>Innovation: we constantly Improve the knowledge and processes of design and construction.<\/li><li>Long-term relationships with customers, based on trust and sustained performance.<\/li><\/ul><\/li><\/ul>\t\t\t\t\t\t\t\t<\/div>\n\t\t\t\t<\/div>\n\t\t\t\t\t<\/div>\n\t\t\t\t<\/div>\n\t\t<div class=\"elementor-element elementor-element-870ca6b elementor-hidden-tablet elementor-hidden-mobile e-flex e-con-boxed e-con e-parent\" data-id=\"870ca6b\" data-element_type=\"container\" data-e-type=\"container\">\n\t\t\t\t\t<div class=\"e-con-inner\">\n\t\t<div class=\"elementor-element elementor-element-b69b9fc e-con-full e-flex e-con e-child\" data-id=\"b69b9fc\" data-element_type=\"container\" data-e-type=\"container\" data-settings=\"{&quot;background_background&quot;:&quot;classic&quot;}\">\n\t\t\t\t<div class=\"elementor-element elementor-element-7acc914 elementor-widget elementor-widget-text-editor\" data-id=\"7acc914\" data-element_type=\"widget\" data-e-type=\"widget\" data-widget_type=\"text-editor.default\">\n\t\t\t\t<div class=\"elementor-widget-container\">\n\t\t\t\t\t\t\t\t\t<p><strong>What makes us different:<\/strong><\/p><ul><li style=\"list-style-type: none;\"><ul><li><strong>Ethics:<\/strong> Integrity, transparency and trust of the client as the greatest asset.<\/li><li><strong>Experience:<\/strong><span style=\"font-weight: 400;\"> More than 30 years of knowledge in areas such as Energy, Infrastructure, Industry and Architecture. <\/span><\/li><li><strong>Domain:<\/strong> Deep knowledge of design processes, contract management and risks (costs, deadlines, quality and safety).<\/li><li><strong>Flexibility:<\/strong> Adaptation to different types of customers and business cultures (national, foreign, public, banks, multinational).<\/li><li><strong>Custom service:<\/strong> Managing partners directly involved in every project to meet the needs of the client.<\/li><\/ul><\/li><\/ul>\t\t\t\t\t\t\t\t<\/div>\n\t\t\t\t<\/div>\n\t\t\t\t<\/div>\n\t\t\t\t\t<\/div>\n\t\t\t\t<\/div>\n\t\t<div class=\"elementor-element elementor-element-1a34d37 elementor-hidden-desktop e-flex e-con-boxed e-con e-parent\" data-id=\"1a34d37\" data-element_type=\"container\" data-e-type=\"container\">\n\t\t\t\t\t<div class=\"e-con-inner\">\n\t\t<div class=\"elementor-element elementor-element-50a407d e-con-full e-flex e-con e-child\" data-id=\"50a407d\" data-element_type=\"container\" data-e-type=\"container\" data-settings=\"{&quot;background_background&quot;:&quot;classic&quot;}\">\n\t\t\t\t<div class=\"elementor-element elementor-element-289c36c elementor-widget elementor-widget-text-editor\" data-id=\"289c36c\" data-element_type=\"widget\" data-e-type=\"widget\" data-widget_type=\"text-editor.default\">\n\t\t\t\t<div class=\"elementor-widget-container\">\n\t\t\t\t\t\t\t\t\t<p><strong>What makes us different:<\/strong><\/p><ul><li style=\"list-style-type: none;\"><ul><li><strong>Ethics:<\/strong> Integrity, transparency and trust of the client as the greatest asset.<\/li><li><strong>Experience:<\/strong><span style=\"font-weight: 400;\"> More than 30 years of knowledge in our areas of work.<\/span><\/li><li><strong>Domain:<\/strong> Deep knowledge of design processes, contract management and risk.<\/li><li><strong>Flexibility:<\/strong> Adaptation to different types of customers and business cultures .<\/li><li><strong>Custom service:<\/strong> Partners directors involved in each project.<\/li><\/ul><\/li><\/ul>\t\t\t\t\t\t\t\t<\/div>\n\t\t\t\t<\/div>\n\t\t\t\t<\/div>\n\t\t\t\t\t<\/div>\n\t\t\t\t<\/div>\n\t\t\t\t<\/div>","protected":false},"excerpt":{"rendered":"<p>Enfoque independiente Enfoque independiente Nuestra Identidad \/ Qui\u00e9nes Somos Misi\u00f3n: \u00abBrindar servicios de Gerenciamiento de Proyectos de Construcci\u00f3n, Auditor\u00eda y Consultor\u00eda a nivel nacional e internacional\u00bb. Faktor Uruguay es una firma de Ingenier\u00eda y Gerenciamiento fundada en 2013 por socios con m\u00e1s de 30 a\u00f1os de experiencia en proyectos de diversa escala y complejidad. Nacimos [&hellip;]<\/p>\n","protected":false},"author":1,"featured_media":0,"parent":0,"menu_order":0,"comment_status":"closed","ping_status":"closed","template":"","meta":{"site-sidebar-layout":"no-sidebar","site-content-layout":"page-builder","ast-site-content-layout":"default","site-content-style":"default","site-sidebar-style":"default","ast-global-header-display":"","ast-banner-title-visibility":"","ast-main-header-display":"","ast-hfb-above-header-display":"","ast-hfb-below-header-display":"","ast-hfb-mobile-header-display":"","site-post-title":"disabled","ast-breadcrumbs-content":"","ast-featured-img":"disabled","footer-sml-layout":"","ast-disable-related-posts":"","theme-transparent-header-meta":"enabled","adv-header-id-meta":"","stick-header-meta":"","header-above-stick-meta":"","header-main-stick-meta":"","header-below-stick-meta":"","astra-migrate-meta-layouts":"default","ast-page-background-enabled":"default","ast-page-background-meta":{"desktop":{"background-color":"","background-image":"","background-repeat":"repeat","background-position":"center center","background-size":"auto","background-attachment":"scroll","background-type":"","background-media":"","overlay-type":"","overlay-color":"","overlay-opacity":"","overlay-gradient":""},"tablet":{"background-color":"","background-image":"","background-repeat":"repeat","background-position":"center center","background-size":"auto","background-attachment":"scroll","background-type":"","background-media":"","overlay-type":"","overlay-color":"","overlay-opacity":"","overlay-gradient":""},"mobile":{"background-color":"","background-image":"","background-repeat":"repeat","background-position":"center center","background-size":"auto","background-attachment":"scroll","background-type":"","background-media":"","overlay-type":"","overlay-color":"","overlay-opacity":"","overlay-gradient":""}},"ast-content-background-meta":{"desktop":{"background-color":"var(--ast-global-color-5)","background-image":"","background-repeat":"repeat","background-position":"center center","background-size":"auto","background-attachment":"scroll","background-type":"","background-media":"","overlay-type":"","overlay-color":"","overlay-opacity":"","overlay-gradient":""},"tablet":{"background-color":"var(--ast-global-color-5)","background-image":"","background-repeat":"repeat","background-position":"center center","background-size":"auto","background-attachment":"scroll","background-type":"","background-media":"","overlay-type":"","overlay-color":"","overlay-opacity":"","overlay-gradient":""},"mobile":{"background-color":"var(--ast-global-color-5)","background-image":"","background-repeat":"repeat","background-position":"center center","background-size":"auto","background-attachment":"scroll","background-type":"","background-media":"","overlay-type":"","overlay-color":"","overlay-opacity":"","overlay-gradient":""}},"footnotes":""},"class_list":["post-1685","page","type-page","status-publish","hentry"],"_links":{"self":[{"href":"https:\/\/faktor.uy\/en\/wp-json\/wp\/v2\/pages\/1685","targetHints":{"allow":["GET"]}}],"collection":[{"href":"https:\/\/faktor.uy\/en\/wp-json\/wp\/v2\/pages"}],"about":[{"href":"https:\/\/faktor.uy\/en\/wp-json\/wp\/v2\/types\/page"}],"author":[{"embeddable":true,"href":"https:\/\/faktor.uy\/en\/wp-json\/wp\/v2\/users\/1"}],"replies":[{"embeddable":true,"href":"https:\/\/faktor.uy\/en\/wp-json\/wp\/v2\/comments?post=1685"}],"version-history":[{"count":241,"href":"https:\/\/faktor.uy\/en\/wp-json\/wp\/v2\/pages\/1685\/revisions"}],"predecessor-version":[{"id":4865,"href":"https:\/\/faktor.uy\/en\/wp-json\/wp\/v2\/pages\/1685\/revisions\/4865"}],"wp:attachment":[{"href":"https:\/\/faktor.uy\/en\/wp-json\/wp\/v2\/media?parent=1685"}],"curies":[{"name":"wp","href":"https:\/\/api.w.org\/{rel}","templated":true}]}}